{"id":1343,"date":"2026-03-13T04:50:54","date_gmt":"2026-03-13T04:50:54","guid":{"rendered":"https:\/\/morena.at\/?page_id=1343"},"modified":"2026-03-13T11:00:14","modified_gmt":"2026-03-13T11:00:14","slug":"privacy-policy","status":"publish","type":"page","link":"https:\/\/morena.at\/es\/privacy-policy\/","title":{"rendered":"POL\u00cdTICA DE PRIVACIDAD"},"content":{"rendered":"<div data-elementor-type=\"wp-page\" data-elementor-id=\"1343\" class=\"elementor elementor-1343\" data-elementor-post-type=\"page\">\n\t\t\t\t<div class=\"elementor-element elementor-element-1f43417 e-con-full e-flex e-con e-parent\" data-id=\"1f43417\" data-element_type=\"container\" data-e-type=\"container\" data-settings=\"{&quot;background_background&quot;:&quot;classic&quot;}\">\n\t\t<div class=\"elementor-element elementor-element-29e248a e-flex e-con-boxed e-con e-child\" data-id=\"29e248a\" data-element_type=\"container\" data-e-type=\"container\">\n\t\t\t\t\t<div class=\"e-con-inner\">\n\t\t\t\t<div class=\"elementor-element elementor-element-3228d4e elementor-hidden-widescreen elementor-hidden-desktop elementor-hidden-laptop elementor-hidden-tablet_extra elementor-hidden-tablet elementor-hidden-mobile_extra elementor-hidden-mobile elementor-widget-divider--view-line elementor-widget elementor-widget-divider\" data-id=\"3228d4e\" data-element_type=\"widget\" data-e-type=\"widget\" data-widget_type=\"divider.default\">\n\t\t\t\t\t\t\t<div class=\"elementor-divider\">\n\t\t\t<span class=\"elementor-divider-separator\">\n\t\t\t\t\t\t<\/span>\n\t\t<\/div>\n\t\t\t\t\t\t<\/div>\n\t\t\t\t<div class=\"elementor-element elementor-element-51b2f35 elementor-widget elementor-widget-heading\" data-id=\"51b2f35\" data-element_type=\"widget\" data-e-type=\"widget\" data-widget_type=\"heading.default\">\n\t\t\t\t\t<h2 class=\"elementor-heading-title elementor-size-default\">POL\u00cdTICA DE PRIVACIDAD<\/h2>\t\t\t\t<\/div>\n\t\t\t\t\t<\/div>\n\t\t\t\t<\/div>\n\t\t<div class=\"elementor-element elementor-element-9743e4e e-flex e-con-boxed e-con e-child\" data-id=\"9743e4e\" data-element_type=\"container\" data-e-type=\"container\" data-settings=\"{&quot;background_background&quot;:&quot;classic&quot;}\">\n\t\t\t\t\t<div class=\"e-con-inner\">\n\t\t<div class=\"elementor-element elementor-element-e85e9d1 e-con-full e-flex e-con e-child\" data-id=\"e85e9d1\" data-element_type=\"container\" data-e-type=\"container\">\n\t\t<div class=\"elementor-element elementor-element-0317867 e-con-full e-flex e-con e-child\" data-id=\"0317867\" data-element_type=\"container\" data-e-type=\"container\">\n\t\t\t\t<div class=\"elementor-element elementor-element-bff9a53 elementor-widget elementor-widget-heading\" data-id=\"bff9a53\" data-element_type=\"widget\" data-e-type=\"widget\" data-widget_type=\"heading.default\">\n\t\t\t\t\t<h3 class=\"elementor-heading-title elementor-size-default\">Declaraci\u00f3n sobre la obligaci\u00f3n de informaci\u00f3n<\/h3>\t\t\t\t<\/div>\n\t\t\t\t<div class=\"elementor-element elementor-element-93f9100 elementor-widget elementor-widget-heading\" data-id=\"93f9100\" data-element_type=\"widget\" data-e-type=\"widget\" data-widget_type=\"heading.default\">\n\t\t\t\t\t<p class=\"elementor-heading-title elementor-size-default\">La protecci\u00f3n de sus datos personales es una preocupaci\u00f3n especial para la operadora de este sitio web, Morena Guadalupe Espinoza. Por lo tanto, sus datos se procesan \u00fanicamente sobre la base de las disposiciones legales aplicables (RGPD \/ DSGVO y TKG 2003). En esta pol\u00edtica de privacidad se le informa sobre los aspectos m\u00e1s importantes del tratamiento de datos en el marco de este sitio web.\n<\/p>\t\t\t\t<\/div>\n\t\t\t\t<div class=\"elementor-element elementor-element-7ede7ca elementor-widget elementor-widget-heading\" data-id=\"7ede7ca\" data-element_type=\"widget\" data-e-type=\"widget\" data-widget_type=\"heading.default\">\n\t\t\t\t\t<h5 class=\"elementor-heading-title elementor-size-default\">Cookies<\/h5>\t\t\t\t<\/div>\n\t\t\t\t<div class=\"elementor-element elementor-element-fc3fbe2 elementor-widget elementor-widget-heading\" data-id=\"fc3fbe2\" data-element_type=\"widget\" data-e-type=\"widget\" data-widget_type=\"heading.default\">\n\t\t\t\t\t<p class=\"elementor-heading-title elementor-size-default\">Este sitio web utiliza las llamadas cookies. Se trata de peque\u00f1os archivos de texto que se almacenan en su dispositivo mediante el navegador. Estas cookies no causan ning\u00fan da\u00f1o.\nLa operadora de este sitio web utiliza cookies para hacer m\u00e1s amigable y funcional su oferta para los usuarios. Algunas cookies permanecen almacenadas en su dispositivo hasta que usted las elimine. Esto permite que su navegador sea reconocido en su pr\u00f3xima visita. Si no desea esto, puede configurar su navegador para que le informe sobre la instalaci\u00f3n de cookies y permita su uso \u00fanicamente de manera individual. Tenga en cuenta que, si desactiva las cookies, la funcionalidad de este sitio web puede verse limitada.<\/p>\t\t\t\t<\/div>\n\t\t\t\t<div class=\"elementor-element elementor-element-36a3b07 elementor-widget elementor-widget-heading\" data-id=\"36a3b07\" data-element_type=\"widget\" data-e-type=\"widget\" data-widget_type=\"heading.default\">\n\t\t\t\t\t<h5 class=\"elementor-heading-title elementor-size-default\">Aviso de privacidad \u2013 Google Analytics<\/h5>\t\t\t\t<\/div>\n\t\t\t\t<div class=\"elementor-element elementor-element-d05398d elementor-widget elementor-widget-heading\" data-id=\"d05398d\" data-element_type=\"widget\" data-e-type=\"widget\" data-widget_type=\"heading.default\">\n\t\t\t\t\t<p class=\"elementor-heading-title elementor-size-default\">Este sitio web utiliza Google Analytics, un servicio de an\u00e1lisis web proporcionado por Google Inc. (\u201cGoogle\u201d). Google Analytics utiliza las llamadas \u201ccookies\u201d, archivos de texto que se almacenan en su ordenador y permiten analizar c\u00f3mo usted utiliza el sitio web. La informaci\u00f3n generada por las cookies sobre su uso de este sitio web se transmite normalmente a un servidor de Google en los Estados Unidos y se almacena all\u00ed. Si se activa la anonimizaci\u00f3n de IP en este sitio web, su direcci\u00f3n IP ser\u00e1 truncada por Google dentro de los Estados miembros de la Uni\u00f3n Europea u otros pa\u00edses signatarios del Acuerdo del Espacio Econ\u00f3mico Europeo antes de ser transmitida a EE.\u202fUU. Solo en casos excepcionales se transmite la direcci\u00f3n IP completa a un servidor de Google en EE.\u202fUU., donde se truncar\u00e1. Por encargo del operador de este sitio web, Google utilizar\u00e1 esta informaci\u00f3n para evaluar su uso del sitio, elaborar informes sobre la actividad del sitio y proporcionar otros servicios relacionados con el uso de Internet y del sitio web al operador. La direcci\u00f3n IP transmitida por su navegador en el marco de Google Analytics no se combina con otros datos de Google. Puede evitar el almacenamiento de cookies mediante la configuraci\u00f3n adecuada de su navegador; sin embargo, tenga en cuenta que, en este caso, no podr\u00e1 utilizar todas las funciones del sitio web de manera completa. Asimismo, puede impedir la recopilaci\u00f3n de los datos generados por la cookie sobre su uso del sitio web (incluida su direcci\u00f3n IP) y el procesamiento de estos datos por Google descargando e instalando el complemento para navegador disponible en el siguiente enlace: <a href=\"http:\/\/tools.google.com\/dlpage\/gaoptout?hl=en\" target=\"blank\" rel=\"noopener noreferrer nofollow\">http:\/\/tools.google.com\/dlpage\/gaoptout?hl=en<\/a>. El uso de Google Analytics tiene como finalidad mejorar continuamente la funcionalidad de este sitio web. Para ello, se utilizan \u00fanicamente datos no personales con fines de an\u00e1lisis e informes. Estos datos no se combinan con datos personales por parte de Morena Guadalupe Espinoza.\n<\/p>\t\t\t\t<\/div>\n\t\t\t\t<div class=\"elementor-element elementor-element-c2178a7 elementor-widget elementor-widget-heading\" data-id=\"c2178a7\" data-element_type=\"widget\" data-e-type=\"widget\" data-widget_type=\"heading.default\">\n\t\t\t\t\t<h5 class=\"elementor-heading-title elementor-size-default\">Aviso de privacidad - Google Fonts<\/h5>\t\t\t\t<\/div>\n\t\t\t\t<div class=\"elementor-element elementor-element-914ba42 elementor-widget elementor-widget-text-editor\" data-id=\"914ba42\" data-element_type=\"widget\" data-e-type=\"widget\" data-widget_type=\"text-editor.default\">\n\t\t\t\t\t\t\t\t\t<p>En este sitio web se utilizan las Google Fonts proporcionadas por Google Inc. (1600 Amphitheatre Parkway, Mountain View, CA 94043, EE.\u202fUU.). El uso de Google Fonts se realiza sin autenticaci\u00f3n y no se env\u00edan cookies a la API de Google Fonts. Si posee una cuenta de Google, ninguno de sus datos de cuenta se transmitir\u00e1 a Google durante el uso de Google Fonts. Google \u00fanicamente recopila informaci\u00f3n sobre el uso de CSS y de las fuentes empleadas, y almacena estos datos de manera segura. Para obtener m\u00e1s informaci\u00f3n sobre este y otros temas relacionados, consulte: <a href=\"https:\/\/developers.google.com\/fonts\/faq\" target=\"_blank\" rel=\"noopener noreferrer nofollow\">https:\/\/developers.google.com\/fonts\/faq<\/a>.<\/p>\t\t\t\t\t\t\t\t<\/div>\n\t\t\t\t<div class=\"elementor-element elementor-element-5f886f7 elementor-widget elementor-widget-heading\" data-id=\"5f886f7\" data-element_type=\"widget\" data-e-type=\"widget\" data-widget_type=\"heading.default\">\n\t\t\t\t\t<h5 class=\"elementor-heading-title elementor-size-default\">Aviso de privacidad - Enlaces a YouTube<\/h5>\t\t\t\t<\/div>\n\t\t\t\t<div class=\"elementor-element elementor-element-6db6bfa elementor-widget elementor-widget-text-editor\" data-id=\"6db6bfa\" data-element_type=\"widget\" data-e-type=\"widget\" data-widget_type=\"text-editor.default\">\n\t\t\t\t\t\t\t\t\t<p>En este sitio web se han implementado funciones del servicio YouTube, proporcionado por YouTube, LLC, 901 Cherry Ave., San Bruno, CA 94066, EE.\u202fUU. Al hacer clic en el bot\u00f3n vinculado, se almacenan cookies en los ordenadores de los usuarios al visitar este sitio web. Los usuarios que hayan desactivado las cookies para el programa de publicidad de Google no recibir\u00e1n estas cookies al reproducir v\u00eddeos de YouTube. No obstante, YouTube tambi\u00e9n puede almacenar informaci\u00f3n de uso no personal en otras cookies. Si desea evitarlo, deber\u00e1 bloquear estas cookies en su navegador. Para m\u00e1s informaci\u00f3n, consulte la pol\u00edtica de privacidad de YouTube: <a href=\"https:\/\/www.youtube.com\/intl\/en\/yt\/about\/policies\/#community-guidelines\" target=\"_blank\" rel=\"noopener noreferrer nofollow\">https:\/\/www.youtube.com\/intl\/en\/yt\/about\/policies\/#community-guidelines<\/a>.<\/p>\t\t\t\t\t\t\t\t<\/div>\n\t\t\t\t<div class=\"elementor-element elementor-element-ca28003 elementor-widget elementor-widget-heading\" data-id=\"ca28003\" data-element_type=\"widget\" data-e-type=\"widget\" data-widget_type=\"heading.default\">\n\t\t\t\t\t<h5 class=\"elementor-heading-title elementor-size-default\">Aviso de privacidad - Enlaces a Instagram<\/h5>\t\t\t\t<\/div>\n\t\t\t\t<div class=\"elementor-element elementor-element-5b4769f elementor-widget elementor-widget-text-editor\" data-id=\"5b4769f\" data-element_type=\"widget\" data-e-type=\"widget\" data-widget_type=\"text-editor.default\">\n\t\t\t\t\t\t\t\t\t<p>Este sitio web contiene enlaces al servicio de redes sociales Instagram, proporcionado por Instagram Inc., 1601 Willow Road, Menlo Park, CA 94025, EE.\u202fUU. Si ha iniciado sesi\u00f3n en su cuenta de Instagram, al hacer clic en el bot\u00f3n de Instagram puede vincular los contenidos de este sitio web con su perfil de Instagram. Esto permite que Instagram asocie su visita a estas p\u00e1ginas con su cuenta de usuario. Se informa que el operador de este sitio web no recibe informaci\u00f3n sobre el contenido de los datos transmitidos ni sobre c\u00f3mo Instagram los utiliza. Para informaci\u00f3n detallada, consulte la pol\u00edtica de privacidad de Instagram: <a href=\"https:\/\/www.instagram.com\/about\/legal\/privacy\/\" target=\"_blank\" rel=\"noopener noreferrer nofollow\">https:\/\/www.instagram.com\/about\/legal\/privacy\/<\/a>.<\/p>\t\t\t\t\t\t\t\t<\/div>\n\t\t\t\t<div class=\"elementor-element elementor-element-43ae30c elementor-widget elementor-widget-heading\" data-id=\"43ae30c\" data-element_type=\"widget\" data-e-type=\"widget\" data-widget_type=\"heading.default\">\n\t\t\t\t\t<h5 class=\"elementor-heading-title elementor-size-default\">Aviso de privacidad - Enlaces a IMDb (Internet Movie Database)<\/h5>\t\t\t\t<\/div>\n\t\t\t\t<div class=\"elementor-element elementor-element-24ff6e1 elementor-widget elementor-widget-text-editor\" data-id=\"24ff6e1\" data-element_type=\"widget\" data-e-type=\"widget\" data-widget_type=\"text-editor.default\">\n\t\t\t\t\t\t\t\t\t<p>Este sitio web contiene enlaces a IMDb (Internet Movie Database), la base de datos operada por Amazon.com, Inc., PO Box 81226, Seattle, WA 98108-1226, EE.\u202fUU. Al hacer clic en el bot\u00f3n de IMDb, la visita a este sitio web puede registrarse mediante una cookie. Se informa que el operador de este sitio web no recibe informaci\u00f3n sobre el contenido de los datos transmitidos ni sobre c\u00f3mo los utiliza IMDb. Para informaci\u00f3n detallada, consulte la pol\u00edtica de privacidad de IMDb: <a href=\"https:\/\/www.imdb.com\/privacy?ref_=ft_pvc\" target=\"_blank\" rel=\"noopener noreferrer nofollow\">https:\/\/www.imdb.com\/privacy?ref_=ft_pvc<\/a> or Amazon Germany: <a href=\"https:\/\/www.amazon.de\/gp\/help\/customer\/display.html\/ref=hp_left_v4_sib?ie=UTF8&amp;nodeId=201909010\" target=\"_blank\" rel=\"noopener noreferrer nofollow\">https:\/\/www.amazon.de\/gp\/help\/customer\/display.html\/ref=hp_left_v4_sib?ie=UTF8&amp;nodeId=201909010<\/a>.<\/p>\t\t\t\t\t\t\t\t<\/div>\n\t\t\t\t<div class=\"elementor-element elementor-element-a39d237 elementor-widget elementor-widget-heading\" data-id=\"a39d237\" data-element_type=\"widget\" data-e-type=\"widget\" data-widget_type=\"heading.default\">\n\t\t\t\t\t<h5 class=\"elementor-heading-title elementor-size-default\">Aviso de privacidad - Enlaces y uso de e-Talenta<\/h5>\t\t\t\t<\/div>\n\t\t\t\t<div class=\"elementor-element elementor-element-5ec57af elementor-widget elementor-widget-text-editor\" data-id=\"5ec57af\" data-element_type=\"widget\" data-e-type=\"widget\" data-widget_type=\"text-editor.default\">\n\t\t\t\t\t\t\t\t\t<p>Este sitio web contiene enlaces a la plataforma de casting e-Talenta para la mediaci\u00f3n de oportunidades de actuaci\u00f3n, producci\u00f3n y guion. Si accede a mi perfil en e-Talenta a trav\u00e9s de un enlace de este sitio web o me contacta mediante esta plataforma, sus datos personales ser\u00e1n procesados por el operador de la plataforma. La plataforma es operada por e-Talenta GmbH, Erich-Nehlhans-Stra\u00dfe 21, 10247 Berl\u00edn, Alemania. Al utilizar e-Talenta, se pueden procesar, entre otros, los siguientes datos: nombre y datos de contacto, informaci\u00f3n del perfil (por ejemplo, fotos, v\u00eddeos, curr\u00edculum), datos de comunicaci\u00f3n y datos t\u00e9cnicos (por ejemplo, direcci\u00f3n IP). El procesamiento de estos datos lo realiza e-Talenta como responsable independiente conforme al Reglamento General de Protecci\u00f3n de Datos (RGPD). Para informaci\u00f3n detallada, consulte la pol\u00edtica de privacidad de e-Talenta: <a href=\"https:\/\/www.e-talenta.eu\/privacy\" target=\"_blank\" rel=\"noopener noreferrer nofollow\">https:\/\/www.e-talenta.eu\/privacy<\/a>. Si me contacta a trav\u00e9s de e-Talenta o me invita a un casting, los datos que proporcione se utilizar\u00e1n exclusivamente para tramitar su solicitud y llevar a cabo posibles colaboraciones profesionales. La base legal para este tratamiento de datos es el art. 6(1)(b) RGPD (contrato o medidas precontractuales) y el art. 6(1)(f) RGPD (inter\u00e9s leg\u00edtimo en la comunicaci\u00f3n profesional y la mediaci\u00f3n de compromisos). Sus datos ser\u00e1n almacenados \u00fanicamente mientras sea necesario para procesar su solicitud o llevar a cabo un posible encargo.<\/p>\t\t\t\t\t\t\t\t<\/div>\n\t\t\t\t<div class=\"elementor-element elementor-element-5038619 elementor-widget elementor-widget-heading\" data-id=\"5038619\" data-element_type=\"widget\" data-e-type=\"widget\" data-widget_type=\"heading.default\">\n\t\t\t\t\t<h5 class=\"elementor-heading-title elementor-size-default\">Responsabilidad por enlaces externos<\/h5>\t\t\t\t<\/div>\n\t\t\t\t<div class=\"elementor-element elementor-element-658228b elementor-widget elementor-widget-text-editor\" data-id=\"658228b\" data-element_type=\"widget\" data-e-type=\"widget\" data-widget_type=\"text-editor.default\">\n\t\t\t\t\t\t\t\t\t<p>A pesar de un control de contenido cuidadoso, la operadora de este sitio web no asume responsabilidad por la exactitud del contenido de los enlaces externos. El contenido de los sitios web vinculados es exclusiva responsabilidad de sus respectivos operadores. Estos enlaces se proporcionan \u00fanicamente con fines informativos para los usuarios de este sitio web.<\/p>\t\t\t\t\t\t\t\t<\/div>\n\t\t\t\t<\/div>\n\t\t\t\t<\/div>\n\t\t\t\t\t<\/div>\n\t\t\t\t<\/div>\n\t\t\t\t<\/div>\n\t\t\t\t<\/div>","protected":false},"excerpt":{"rendered":"<p>Privacy Policy Information Obligation Statement The protection of your personal data is of particular concern to the operator of this [&hellip;]<\/p>\n","protected":false},"author":2,"featured_media":0,"parent":0,"menu_order":0,"comment_status":"closed","ping_status":"closed","template":"","meta":{"site-sidebar-layout":"no-sidebar","site-content-layout":"","ast-site-content-layout":"full-width-container","site-content-style":"default","site-sidebar-style":"default","ast-global-header-display":"","ast-banner-title-visibility":"","ast-main-header-display":"","ast-hfb-above-header-display":"","ast-hfb-below-header-display":"","ast-hfb-mobile-header-display":"","site-post-title":"disabled","ast-breadcrumbs-content":"","ast-featured-img":"disabled","footer-sml-layout":"","ast-disable-related-posts":"","theme-transparent-header-meta":"","adv-header-id-meta":"","stick-header-meta":"","header-above-stick-meta":"","header-main-stick-meta":"","header-below-stick-meta":"","astra-migrate-meta-layouts":"default","ast-page-background-enabled":"default","ast-page-background-meta":{"desktop":{"background-color":"var(--ast-global-color-5)","background-image":"","background-repeat":"repeat","background-position":"center center","background-size":"auto","background-attachment":"scroll","background-type":"","background-media":"","overlay-type":"","overlay-color":"","overlay-opacity":"","overlay-gradient":""},"tablet":{"background-color":"","background-image":"","background-repeat":"repeat","background-position":"center center","background-size":"auto","background-attachment":"scroll","background-type":"","background-media":"","overlay-type":"","overlay-color":"","overlay-opacity":"","overlay-gradient":""},"mobile":{"background-color":"","background-image":"","background-repeat":"repeat","background-position":"center center","background-size":"auto","background-attachment":"scroll","background-type":"","background-media":"","overlay-type":"","overlay-color":"","overlay-opacity":"","overlay-gradient":""}},"ast-content-background-meta":{"desktop":{"background-color":"var(--ast-global-color-4)","background-image":"","background-repeat":"repeat","background-position":"center center","background-size":"auto","background-attachment":"scroll","background-type":"","background-media":"","overlay-type":"","overlay-color":"","overlay-opacity":"","overlay-gradient":""},"tablet":{"background-color":"var(--ast-global-color-4)","background-image":"","background-repeat":"repeat","background-position":"center center","background-size":"auto","background-attachment":"scroll","background-type":"","background-media":"","overlay-type":"","overlay-color":"","overlay-opacity":"","overlay-gradient":""},"mobile":{"background-color":"var(--ast-global-color-4)","background-image":"","background-repeat":"repeat","background-position":"center center","background-size":"auto","background-attachment":"scroll","background-type":"","background-media":"","overlay-type":"","overlay-color":"","overlay-opacity":"","overlay-gradient":""}},"footnotes":""},"class_list":["post-1343","page","type-page","status-publish","hentry"],"_links":{"self":[{"href":"https:\/\/morena.at\/es\/wp-json\/wp\/v2\/pages\/1343","targetHints":{"allow":["GET"]}}],"collection":[{"href":"https:\/\/morena.at\/es\/wp-json\/wp\/v2\/pages"}],"about":[{"href":"https:\/\/morena.at\/es\/wp-json\/wp\/v2\/types\/page"}],"author":[{"embeddable":true,"href":"https:\/\/morena.at\/es\/wp-json\/wp\/v2\/users\/2"}],"replies":[{"embeddable":true,"href":"https:\/\/morena.at\/es\/wp-json\/wp\/v2\/comments?post=1343"}],"version-history":[{"count":61,"href":"https:\/\/morena.at\/es\/wp-json\/wp\/v2\/pages\/1343\/revisions"}],"predecessor-version":[{"id":1809,"href":"https:\/\/morena.at\/es\/wp-json\/wp\/v2\/pages\/1343\/revisions\/1809"}],"wp:attachment":[{"href":"https:\/\/morena.at\/es\/wp-json\/wp\/v2\/media?parent=1343"}],"curies":[{"name":"wp","href":"https:\/\/api.w.org\/{rel}","templated":true}]}}