{"id":1343,"date":"2026-03-13T04:50:54","date_gmt":"2026-03-13T04:50:54","guid":{"rendered":"https:\/\/morena.at\/?page_id=1343"},"modified":"2026-03-13T11:00:14","modified_gmt":"2026-03-13T11:00:14","slug":"privacy-policy","status":"publish","type":"page","link":"https:\/\/morena.at\/de\/privacy-policy\/","title":{"rendered":"DATENSCHUTZ"},"content":{"rendered":"<div data-elementor-type=\"wp-page\" data-elementor-id=\"1343\" class=\"elementor elementor-1343\" data-elementor-post-type=\"page\">\n\t\t\t\t<div class=\"elementor-element elementor-element-1f43417 e-con-full e-flex e-con e-parent\" data-id=\"1f43417\" data-element_type=\"container\" data-e-type=\"container\" data-settings=\"{&quot;background_background&quot;:&quot;classic&quot;}\">\n\t\t<div class=\"elementor-element elementor-element-29e248a e-flex e-con-boxed e-con e-child\" data-id=\"29e248a\" data-element_type=\"container\" data-e-type=\"container\">\n\t\t\t\t\t<div class=\"e-con-inner\">\n\t\t\t\t<div class=\"elementor-element elementor-element-3228d4e elementor-hidden-widescreen elementor-hidden-desktop elementor-hidden-laptop elementor-hidden-tablet_extra elementor-hidden-tablet elementor-hidden-mobile_extra elementor-hidden-mobile elementor-widget-divider--view-line elementor-widget elementor-widget-divider\" data-id=\"3228d4e\" data-element_type=\"widget\" data-e-type=\"widget\" data-widget_type=\"divider.default\">\n\t\t\t\t\t\t\t<div class=\"elementor-divider\">\n\t\t\t<span class=\"elementor-divider-separator\">\n\t\t\t\t\t\t<\/span>\n\t\t<\/div>\n\t\t\t\t\t\t<\/div>\n\t\t\t\t<div class=\"elementor-element elementor-element-51b2f35 elementor-widget elementor-widget-heading\" data-id=\"51b2f35\" data-element_type=\"widget\" data-e-type=\"widget\" data-widget_type=\"heading.default\">\n\t\t\t\t\t<h2 class=\"elementor-heading-title elementor-size-default\">DATENSCHUTZ<\/h2>\t\t\t\t<\/div>\n\t\t\t\t\t<\/div>\n\t\t\t\t<\/div>\n\t\t<div class=\"elementor-element elementor-element-9743e4e e-flex e-con-boxed e-con e-child\" data-id=\"9743e4e\" data-element_type=\"container\" data-e-type=\"container\" data-settings=\"{&quot;background_background&quot;:&quot;classic&quot;}\">\n\t\t\t\t\t<div class=\"e-con-inner\">\n\t\t<div class=\"elementor-element elementor-element-e85e9d1 e-con-full e-flex e-con e-child\" data-id=\"e85e9d1\" data-element_type=\"container\" data-e-type=\"container\">\n\t\t<div class=\"elementor-element elementor-element-0317867 e-con-full e-flex e-con e-child\" data-id=\"0317867\" data-element_type=\"container\" data-e-type=\"container\">\n\t\t\t\t<div class=\"elementor-element elementor-element-bff9a53 elementor-widget elementor-widget-heading\" data-id=\"bff9a53\" data-element_type=\"widget\" data-e-type=\"widget\" data-widget_type=\"heading.default\">\n\t\t\t\t\t<h3 class=\"elementor-heading-title elementor-size-default\">Erkl\u00e4rung zur Informationspflicht<\/h3>\t\t\t\t<\/div>\n\t\t\t\t<div class=\"elementor-element elementor-element-93f9100 elementor-widget elementor-widget-heading\" data-id=\"93f9100\" data-element_type=\"widget\" data-e-type=\"widget\" data-widget_type=\"heading.default\">\n\t\t\t\t\t<p class=\"elementor-heading-title elementor-size-default\">Der Schutz Ihrer pers\u00f6nlichen Daten ist der Betreiberin dieser Website, Morena Guadalupe Espinoza, ein besonderes Anliegen. Es werden Ihre Daten daher ausschlie\u00dflich auf Grundlage der gesetzlichen Bestimmungen (DSGVO, TKG 2003) verarbeitet. In diesen Datenschutzinformationen werden Sie \u00fcber die wichtigsten Aspekte der Datenverarbeitung im Rahmen dieser Website informiert.\n<\/p>\t\t\t\t<\/div>\n\t\t\t\t<div class=\"elementor-element elementor-element-7ede7ca elementor-widget elementor-widget-heading\" data-id=\"7ede7ca\" data-element_type=\"widget\" data-e-type=\"widget\" data-widget_type=\"heading.default\">\n\t\t\t\t\t<h5 class=\"elementor-heading-title elementor-size-default\">Cookies<\/h5>\t\t\t\t<\/div>\n\t\t\t\t<div class=\"elementor-element elementor-element-fc3fbe2 elementor-widget elementor-widget-heading\" data-id=\"fc3fbe2\" data-element_type=\"widget\" data-e-type=\"widget\" data-widget_type=\"heading.default\">\n\t\t\t\t\t<p class=\"elementor-heading-title elementor-size-default\">Diese Website verwendet so genannte Cookies. Dabei handelt es sich um kleine Textdateien, die mit Hilfe des Browsers auf Ihrem Endger\u00e4t abgelegt werden. Sie richten keinen Schaden an. Der Betreiber dieser Website nutzt Cookies dazu, sein Angebot nutzerfreundlich zu gestalten. Einige Cookies bleiben auf Ihrem Endger\u00e4t gespeichert, bis Sie diese l\u00f6schen. Sie erm\u00f6glichen es, Ihren Browser beim n\u00e4chsten Besuch wiederzuerkennen. Wenn Sie dies nicht w\u00fcnschen, so k\u00f6nnen Sie Ihren Browser so einrichten, dass er Sie \u00fcber das Setzen von Cookies informiert und Sie dies nur im Einzelfall erlauben. Bei der Deaktivierung von Cookies kann die Funktionalit\u00e4t dieser Website eingeschr\u00e4nkt sein.<\/p>\t\t\t\t<\/div>\n\t\t\t\t<div class=\"elementor-element elementor-element-36a3b07 elementor-widget elementor-widget-heading\" data-id=\"36a3b07\" data-element_type=\"widget\" data-e-type=\"widget\" data-widget_type=\"heading.default\">\n\t\t\t\t\t<h5 class=\"elementor-heading-title elementor-size-default\">Datenschutzhinweis von Google Analytics<\/h5>\t\t\t\t<\/div>\n\t\t\t\t<div class=\"elementor-element elementor-element-d05398d elementor-widget elementor-widget-heading\" data-id=\"d05398d\" data-element_type=\"widget\" data-e-type=\"widget\" data-widget_type=\"heading.default\">\n\t\t\t\t\t<p class=\"elementor-heading-title elementor-size-default\">Diese Website benutzt \u201eGoogle Analytics\u201c, einen Webanalysedienst der Google Inc. (\u201eGoogle\u201c). Google Analytics verwendet sog. \u201eCookies\u201c, Textdateien, die auf Ihrem Computer gespeichert werden und die eine Analyse der Benutzung der Website durch Sie erm\u00f6glichen. Die durch Cookies erzeugten Informationen \u00fcber Ihre Benutzung dieser Website werden in der Regel an einen Server von Google in den USA \u00fcbertragen und dort gespeichert. Im Falle der Aktivierung der IP-Anonymisierung auf dieser Webseite, wird Ihre IP-Adresse von Google jedoch innerhalb von Mitgliedstaaten der Europ\u00e4ischen Union oder in anderen Vertragsstaaten des Abkommens \u00fcber den Europ\u00e4ischen Wirtschaftsraum zuvor gek\u00fcrzt. Nur in Ausnahmef\u00e4llen wird die volle IP-Adresse an einen Server von Google in den USA \u00fcbertragen und dort gek\u00fcrzt. Im Auftrag des Betreibers dieser Website wird Google diese Informationen benutzen, um Ihre Nutzung der Website auszuwerten, um Reports \u00fcber die Websiteaktivit\u00e4ten zusammenzustellen und um weitere mit der Websitenutzung und der Internetnutzung verbundene Dienstleistungen gegen\u00fcber dem Websitebetreiber zu erbringen. Die im Rahmen von Google Analytics von Ihrem Browser \u00fcbermittelte IP-Adresse wird nicht mit anderen Daten von Google zusammengef\u00fchrt. Sie k\u00f6nnen die Speicherung der Cookies durch eine entsprechende Einstellung Ihrer Browser-Software verhindern; wir weisen Sie jedoch darauf hin, dass Sie in diesem Fall gegebenenfalls nicht s\u00e4mtliche Funktionen dieser Website vollumf\u00e4nglich werden nutzen k\u00f6nnen. Sie k\u00f6nnen dar\u00fcber hinaus die Erfassung der durch das Cookie erzeugten und auf Ihre Nutzung der Website bezogenen Daten (inkl. Ihrer IP-Adresse) an Google sowie die Verarbeitung dieser Daten durch Google verhindern, indem sie das unter dem folgenden Link verf\u00fcgbare Browser-Plugin herunterladen und installieren. Der aktuelle Link ist <a href=\"http:\/\/tools.google.com\/dlpage\/gaoptout?hl=en\" target=\"blank\" rel=\"noopener noreferrer nofollow\">http:\/\/tools.google.com\/dlpage\/gaoptout?hl=en<\/a>. Der Einsatz von Google Analytics dient dazu, die Funktionen dieses Webauftritts stetig zu verbessern. Es werden hierf\u00fcr nur nicht-personenbezogene Daten zu Analyse- und Reportingzwecken verwendet. Diese Daten werden von Morena Guadalupe Espinoza nicht mit personenbezogenen Daten zusammengef\u00fchrt.\n<\/p>\t\t\t\t<\/div>\n\t\t\t\t<div class=\"elementor-element elementor-element-c2178a7 elementor-widget elementor-widget-heading\" data-id=\"c2178a7\" data-element_type=\"widget\" data-e-type=\"widget\" data-widget_type=\"heading.default\">\n\t\t\t\t\t<h5 class=\"elementor-heading-title elementor-size-default\">Datenschutzhinweis zu Google Fonts<\/h5>\t\t\t\t<\/div>\n\t\t\t\t<div class=\"elementor-element elementor-element-914ba42 elementor-widget elementor-widget-text-editor\" data-id=\"914ba42\" data-element_type=\"widget\" data-e-type=\"widget\" data-widget_type=\"text-editor.default\">\n\t\t\t\t\t\t\t\t\t<p>Auf dieser Website sind \u201eGoogle Fonts\u201c der Firma Google Inc. (1600 Amphitheatre Parkway Mountain View, CA 94043, USA) eingebunden. Die Verwendung von Google Fonts erfolgt ohne Authentisierung und es werden keine Cookies and die Google Fonts API gesendet. Sollten Sie ein Konto bei Google haben, werden keine Ihrer Google-Kontodaten an Google w\u00e4hrend der Nutzung von Google Fonts \u00fcbermittelt. Google erfasst lediglich die Nutzung von CSS und der verwendeten Fonts und speichert diese Daten sicher. Mehr zu diesen und weiteren Fragen finden Sie auf <a href=\"https:\/\/developers.google.com\/fonts\/faq\" target=\"_blank\" rel=\"noopener noreferrer nofollow\">https:\/\/developers.google.com\/fonts\/faq<\/a>.<\/p>\t\t\t\t\t\t\t\t<\/div>\n\t\t\t\t<div class=\"elementor-element elementor-element-5f886f7 elementor-widget elementor-widget-heading\" data-id=\"5f886f7\" data-element_type=\"widget\" data-e-type=\"widget\" data-widget_type=\"heading.default\">\n\t\t\t\t\t<h5 class=\"elementor-heading-title elementor-size-default\">Datenschutzhinweis f\u00fcr die Verlinkung mit YouTube<\/h5>\t\t\t\t<\/div>\n\t\t\t\t<div class=\"elementor-element elementor-element-6db6bfa elementor-widget elementor-widget-text-editor\" data-id=\"6db6bfa\" data-element_type=\"widget\" data-e-type=\"widget\" data-widget_type=\"text-editor.default\">\n\t\t\t\t\t\t\t\t\t<p>Auf dieser Internetpr\u00e4senz sind Funktionen des Dienstes \u201eYouTube\u201c implementiert. Diese Funktionen werden durch die YouTube, LLC, 901 Cherry Ave., San Bruno, CA 94066, USA angeboten. Der verlinkte Button legt beim Aufrufen der Webseite Cookies auf den Computern der User ab. Wer das Setzen von Cookies f\u00fcr das Google-Werbeprogramm deaktiviert hat, wird auch beim Aufrufen von YouTube-Videos mit keinen solchen Cookies rechnen m\u00fcssen. YouTube legt aber auch in anderen Cookies nicht-personenbezogene Nutzungsinformationen ab. M\u00f6chten Sie dies verhindern, m\u00fcssen Sie das in ihrem Browser blockieren. Weitere Informationen hierzu finden sich in der Datenschutzerkl\u00e4rung von YouTube unter <a href=\"https:\/\/www.youtube.com\/intl\/en\/yt\/about\/policies\/#community-guidelines\" target=\"_blank\" rel=\"noopener noreferrer nofollow\">https:\/\/www.youtube.com\/intl\/en\/yt\/about\/policies\/#community-guidelines<\/a>.<\/p>\t\t\t\t\t\t\t\t<\/div>\n\t\t\t\t<div class=\"elementor-element elementor-element-ca28003 elementor-widget elementor-widget-heading\" data-id=\"ca28003\" data-element_type=\"widget\" data-e-type=\"widget\" data-widget_type=\"heading.default\">\n\t\t\t\t\t<h5 class=\"elementor-heading-title elementor-size-default\">Datenschutzhinweis f\u00fcr die Verlinkung mit Instagram<\/h5>\t\t\t\t<\/div>\n\t\t\t\t<div class=\"elementor-element elementor-element-5b4769f elementor-widget elementor-widget-text-editor\" data-id=\"5b4769f\" data-element_type=\"widget\" data-e-type=\"widget\" data-widget_type=\"text-editor.default\">\n\t\t\t\t\t\t\t\t\t<p>Diese Webseite verlinkt zum Social Media-Dienst \u201eInstagram\u201c, Instagram Inc., 1601 Willow Road, Menlo Park, CA, 94025, USA. Wenn Sie in Ihren Instagram-Account eingeloggt sind, k\u00f6nnen Sie durch Anklicken des Instagram-Buttons die Inhalte dieses Internetauftritts mit Ihrem Instagram-Profil verlinken. Dadurch kann Instagram den Besuch dieser Seiten Ihrem Benutzerkonto zuordnen. Es wird darauf hingewiesen, dass der Anbieter dieser Seiten keine Kenntnis vom Inhalt der \u00fcbermittelten Daten sowie deren Nutzung durch Instagram erh\u00e4lt. Umfassende Informationen hierzu finden Sie in der Datenschutzerkl\u00e4rung von Instagram auf <a href=\"https:\/\/www.instagram.com\/about\/legal\/privacy\/\" target=\"_blank\" rel=\"noopener noreferrer nofollow\">https:\/\/www.instagram.com\/about\/legal\/privacy\/<\/a>.<\/p>\t\t\t\t\t\t\t\t<\/div>\n\t\t\t\t<div class=\"elementor-element elementor-element-43ae30c elementor-widget elementor-widget-heading\" data-id=\"43ae30c\" data-element_type=\"widget\" data-e-type=\"widget\" data-widget_type=\"heading.default\">\n\t\t\t\t\t<h5 class=\"elementor-heading-title elementor-size-default\">Datenschutzhinweis f\u00fcr die Verlinkung mit IMDb (Internet Movie Database)<\/h5>\t\t\t\t<\/div>\n\t\t\t\t<div class=\"elementor-element elementor-element-24ff6e1 elementor-widget elementor-widget-text-editor\" data-id=\"24ff6e1\" data-element_type=\"widget\" data-e-type=\"widget\" data-widget_type=\"text-editor.default\">\n\t\t\t\t\t\t\t\t\t<p>Diese Website verlinkt zur \u201eIMDb (Internet Movie Database)\u201c. Betrieben wird die Datenbank von Amazon.com, Inc., PO Box 81226, Seattle, WA 98108-1226, USA. Bei Anklicken des IMDb-Buttons wird der Besuch dieser Internetpr\u00e4senz mit einem Cookie gespeichert. Es wird darauf hingewiesen, dass der Anbieter dieser Seiten keine Kenntnis vom Inhalt der \u00fcbermittelten Daten sowie deren Nutzung durch die Betreiber der Internet Movie Database erh\u00e4lt. Ausf\u00fchrliche Informationen hierzu finden Sie in der Datenschutzerkl\u00e4rung der Internet Movie Database auf https:\/\/www.imdb.com\/privacy?ref_=ft_pvc bzw. unter Amazon.de auf <a href=\"https:\/\/www.imdb.com\/privacy?ref_=ft_pvc\" target=\"_blank\" rel=\"noopener noreferrer nofollow\">https:\/\/www.imdb.com\/privacy?ref_=ft_pvc<\/a> bzw. unter Amazon.de auf <a href=\"https:\/\/www.amazon.de\/gp\/help\/customer\/display.html\/ref=hp_left_v4_sib?ie=UTF8&amp;nodeId=201909010\" target=\"_blank\" rel=\"noopener noreferrer nofollow\">https:\/\/www.amazon.de\/gp\/help\/customer\/display.html\/ref=hp_left_v4_sib?ie=UTF8&amp;nodeId=201909010<\/a>.<\/p>\t\t\t\t\t\t\t\t<\/div>\n\t\t\t\t<div class=\"elementor-element elementor-element-a39d237 elementor-widget elementor-widget-heading\" data-id=\"a39d237\" data-element_type=\"widget\" data-e-type=\"widget\" data-widget_type=\"heading.default\">\n\t\t\t\t\t<h5 class=\"elementor-heading-title elementor-size-default\">Datenschutzhinweis f\u00fcr die Verlinkung und Nutzung der Casting-Plattform e-Talenta<\/h5>\t\t\t\t<\/div>\n\t\t\t\t<div class=\"elementor-element elementor-element-5ec57af elementor-widget elementor-widget-text-editor\" data-id=\"5ec57af\" data-element_type=\"widget\" data-e-type=\"widget\" data-widget_type=\"text-editor.default\">\n\t\t\t\t\t\t\t\t\t<p>Diese Website verlinkt f\u00fcr die Vermittlung von Schauspiel-, Produktions- und Drehbuchauftr\u00e4gen zur Casting-Plattform e-Talenta. Wenn Sie \u00fcber einen Link auf meiner Website mein Profil auf e-Talenta aufrufen oder mich \u00fcber diese Plattform kontaktieren, werden personenbezogene Daten durch den Betreiber der Plattform verarbeitet. Betrieben wird die Plattform von e-Talenta GmbH, Erich-Nehlhans-Stra\u00dfe 21, 10247 Berlin, Deutschland. Bei der Nutzung von e-Talenta k\u00f6nnen unter anderem folgende Daten verarbeitet werden: Name und Kontaktdaten, Profildaten (z. B. Fotos, Videos, Vita), Kommunikationsdaten, technische Daten (z. B. IP-Adresse). Die Verarbeitung dieser Daten erfolgt durch e-Talenta als eigenst\u00e4ndiger Verantwortlicher im Sinne der Datenschutz-Grundverordnung (DSGVO). Umfassende Informationen hierzu finden Sie in der Datenschutzerkl\u00e4rung von e-Talenta auf <a href=\"https:\/\/www.e-talenta.eu\/privacy\" target=\"_blank\" rel=\"noopener noreferrer nofollow\">https:\/\/www.e-talenta.eu\/privacy<\/a>. Wenn Sie mich \u00fcber e-Talenta kontaktieren oder zu einem Casting einladen, werden die von Ihnen \u00fcbermittelten Daten ausschlie\u00dflich zur Bearbeitung der Anfrage und zur Durchf\u00fchrung m\u00f6glicher beruflicher Kooperationen verwendet. Rechtsgrundlage der Verarbeitung ist Art. 6 Abs. 1 lit. b DSGVO (Vertrag bzw. vorvertragliche Ma\u00dfnahmen) sowie Art. 6 Abs. 1 lit. f DSGVO (berechtigtes Interesse an beruflicher Kommunikation und Vermittlung von Engagements).\nIhre Daten werden von mir nur so lange gespeichert, wie dies zur Bearbeitung der Anfrage oder zur Durchf\u00fchrung eines m\u00f6glichen Engagements erforderlich ist.<\/p>\t\t\t\t\t\t\t\t<\/div>\n\t\t\t\t<div class=\"elementor-element elementor-element-5038619 elementor-widget elementor-widget-heading\" data-id=\"5038619\" data-element_type=\"widget\" data-e-type=\"widget\" data-widget_type=\"heading.default\">\n\t\t\t\t\t<h5 class=\"elementor-heading-title elementor-size-default\">Haftungsausschluss<\/h5>\t\t\t\t<\/div>\n\t\t\t\t<div class=\"elementor-element elementor-element-658228b elementor-widget elementor-widget-text-editor\" data-id=\"658228b\" data-element_type=\"widget\" data-e-type=\"widget\" data-widget_type=\"text-editor.default\">\n\t\t\t\t\t\t\t\t\t<p>Trotz sorgf\u00e4ltiger inhaltlicher Kontrolle \u00fcbernimmt der Betreiber dieser Website keine Haftung f\u00fcr die Richtigkeit der Inhalte externer Links. F\u00fcr den Inhalt der verlinkten Seiten sind ausschlie\u00dflich deren Betreiber verantwortlich. Die weiterf\u00fchrenden Links dienen zur Information der User dieser Website.<\/p>\t\t\t\t\t\t\t\t<\/div>\n\t\t\t\t<\/div>\n\t\t\t\t<\/div>\n\t\t\t\t\t<\/div>\n\t\t\t\t<\/div>\n\t\t\t\t<\/div>\n\t\t\t\t<\/div>","protected":false},"excerpt":{"rendered":"<p>Privacy Policy Information Obligation Statement The protection of your personal data is of particular concern to the operator of this [&hellip;]<\/p>\n","protected":false},"author":2,"featured_media":0,"parent":0,"menu_order":0,"comment_status":"closed","ping_status":"closed","template":"","meta":{"site-sidebar-layout":"no-sidebar","site-content-layout":"","ast-site-content-layout":"full-width-container","site-content-style":"default","site-sidebar-style":"default","ast-global-header-display":"","ast-banner-title-visibility":"","ast-main-header-display":"","ast-hfb-above-header-display":"","ast-hfb-below-header-display":"","ast-hfb-mobile-header-display":"","site-post-title":"disabled","ast-breadcrumbs-content":"","ast-featured-img":"disabled","footer-sml-layout":"","ast-disable-related-posts":"","theme-transparent-header-meta":"","adv-header-id-meta":"","stick-header-meta":"","header-above-stick-meta":"","header-main-stick-meta":"","header-below-stick-meta":"","astra-migrate-meta-layouts":"default","ast-page-background-enabled":"default","ast-page-background-meta":{"desktop":{"background-color":"var(--ast-global-color-5)","background-image":"","background-repeat":"repeat","background-position":"center center","background-size":"auto","background-attachment":"scroll","background-type":"","background-media":"","overlay-type":"","overlay-color":"","overlay-opacity":"","overlay-gradient":""},"tablet":{"background-color":"","background-image":"","background-repeat":"repeat","background-position":"center center","background-size":"auto","background-attachment":"scroll","background-type":"","background-media":"","overlay-type":"","overlay-color":"","overlay-opacity":"","overlay-gradient":""},"mobile":{"background-color":"","background-image":"","background-repeat":"repeat","background-position":"center center","background-size":"auto","background-attachment":"scroll","background-type":"","background-media":"","overlay-type":"","overlay-color":"","overlay-opacity":"","overlay-gradient":""}},"ast-content-background-meta":{"desktop":{"background-color":"var(--ast-global-color-4)","background-image":"","background-repeat":"repeat","background-position":"center center","background-size":"auto","background-attachment":"scroll","background-type":"","background-media":"","overlay-type":"","overlay-color":"","overlay-opacity":"","overlay-gradient":""},"tablet":{"background-color":"var(--ast-global-color-4)","background-image":"","background-repeat":"repeat","background-position":"center center","background-size":"auto","background-attachment":"scroll","background-type":"","background-media":"","overlay-type":"","overlay-color":"","overlay-opacity":"","overlay-gradient":""},"mobile":{"background-color":"var(--ast-global-color-4)","background-image":"","background-repeat":"repeat","background-position":"center center","background-size":"auto","background-attachment":"scroll","background-type":"","background-media":"","overlay-type":"","overlay-color":"","overlay-opacity":"","overlay-gradient":""}},"footnotes":""},"class_list":["post-1343","page","type-page","status-publish","hentry"],"_links":{"self":[{"href":"https:\/\/morena.at\/de\/wp-json\/wp\/v2\/pages\/1343","targetHints":{"allow":["GET"]}}],"collection":[{"href":"https:\/\/morena.at\/de\/wp-json\/wp\/v2\/pages"}],"about":[{"href":"https:\/\/morena.at\/de\/wp-json\/wp\/v2\/types\/page"}],"author":[{"embeddable":true,"href":"https:\/\/morena.at\/de\/wp-json\/wp\/v2\/users\/2"}],"replies":[{"embeddable":true,"href":"https:\/\/morena.at\/de\/wp-json\/wp\/v2\/comments?post=1343"}],"version-history":[{"count":61,"href":"https:\/\/morena.at\/de\/wp-json\/wp\/v2\/pages\/1343\/revisions"}],"predecessor-version":[{"id":1809,"href":"https:\/\/morena.at\/de\/wp-json\/wp\/v2\/pages\/1343\/revisions\/1809"}],"wp:attachment":[{"href":"https:\/\/morena.at\/de\/wp-json\/wp\/v2\/media?parent=1343"}],"curies":[{"name":"wp","href":"https:\/\/api.w.org\/{rel}","templated":true}]}}